{"id":3,"date":"2018-09-06T04:00:54","date_gmt":"2018-09-06T04:00:54","guid":{"rendered":"https:\/\/www.rdzabogados.com\/rdz\/?page_id=3"},"modified":"2021-01-11T22:55:37","modified_gmt":"2021-01-11T22:55:37","slug":"aviso-de-privacidad","status":"publish","type":"page","link":"https:\/\/www.rdzabogados.com\/rdz\/aviso-de-privacidad\/","title":{"rendered":"Aviso de Privacidad"},"content":{"rendered":"\t\t<div data-elementor-type=\"wp-page\" data-elementor-id=\"3\" class=\"elementor elementor-3\">\n\t\t\t\t\t\t<article class=\"elementor-section elementor-top-section elementor-element elementor-element-e39a48f elementor-section-boxed elementor-section-height-default elementor-section-height-default\" data-id=\"e39a48f\" data-element_type=\"section\">\n\t\t\t\t\t\t<div class=\"elementor-container elementor-column-gap-default\">\n\t\t\t\t\t<div class=\"elementor-column elementor-col-100 elementor-top-column elementor-element elementor-element-9e15cfd\" data-id=\"9e15cfd\" data-element_type=\"column\">\n\t\t\t<div class=\"elementor-widget-wrap elementor-element-populated\">\n\t\t\t\t\t\t<div class=\"elementor-element elementor-element-40c5f5e elementor-widget elementor-widget-heading\" data-id=\"40c5f5e\" data-element_type=\"widget\" data-widget_type=\"heading.default\">\n\t\t\t\t<div class=\"elementor-widget-container\">\n\t\t\t\t\t<h2 class=\"elementor-heading-title elementor-size-default\">Aviso de Privacidad<\/h2>\t\t\t\t<\/div>\n\t\t\t\t<\/div>\n\t\t\t\t<div class=\"elementor-element elementor-element-2efbd64 elementor-widget elementor-widget-text-editor\" data-id=\"2efbd64\" data-element_type=\"widget\" data-widget_type=\"text-editor.default\">\n\t\t\t\t<div class=\"elementor-widget-container\">\n\t\t\t\t\t\t\t\t\t<p><strong>Identidad y domicilio.<\/strong><\/p>\n<p>RDZ ABOGADOS S.C., con domicilio en Lucerna 65, Interior 413, Colonia Ju\u00e1rez, Alcald\u00eda Cuauht\u00e9moc, C.P. 06600, Ciudad de M\u00e9xico, le informa que es Responsable del uso y protecci\u00f3n de sus datos personales; mismos que son tratados de forma estrictamente privada y confidencial, bajo los principios de calidad, consentimiento, licitud, responsabilidad, lealtad y finalidad establecidos en la Ley Federal de Protecci\u00f3n de Datos Personales en Posesi\u00f3n de Particulares.<\/p>\n<p>A continuaci\u00f3n, le indicamos de manera expresa y limitativa los datos que podremos recabar de usted.<\/p>\n<p><strong>Datos personales que recabamos.<\/strong><\/p>\n<ol>\n<li>Datos de identificaci\u00f3n: nombre, edad, nacionalidad, sexo, registro federal de contribuyentes, clave \u00fanica de registro de poblaci\u00f3n, n\u00famero de seguridad social, registro patronal.<\/li>\n<li>Datos de contacto: domicilio, tel\u00e9fono fijo, tel\u00e9fono celular, correo electr\u00f3nico, redes sociales, p\u00e1gina web.<\/li>\n<li>Datos laborales: Ocupaci\u00f3n, empleador.<\/li>\n<\/ol>\n<p><strong>&nbsp;<\/strong><\/p>\n<p><strong>Forma de recabar sus datos personales<\/strong>.<\/p>\n<p>Le informamos que RDZ ABOGADOS S.C. podr\u00e1 recabar sus datos personales de manera oral o escrita, a trav\u00e9s de distintos medios, como pueden ser v\u00eda telef\u00f3nica, mensaje SMS, v\u00eda correo electr\u00f3nico, v\u00eda chat (WhatsApp), a trav\u00e9s de redes sociales.<\/p>\n<p><strong><br><\/strong><\/p><p><strong>Finalidad de sus datos personales <\/strong><\/p>\n<ol>\n<li>Identificarlo.<\/li>\n<li>Reconocerlo como cliente de RDZ ABOGADOS S.C.<\/li>\n<li>Crear un registro de su informaci\u00f3n.<\/li>\n<li>Prestar el servicio solicitado.<\/li>\n<li>Dar cumplimiento a la relaci\u00f3n jur\u00eddica establecida.<\/li>\n<li>\nContactarlo y\/o enviarle comunicados de publicidad y\/o marketing.<\/li>\n<\/ol>\n<p><strong><br><\/strong><\/p><p><strong>Transferencias de datos personales<\/strong><\/p>\n<p>Le informamos que en RDZ ABOGADOS S.C. no transferir\u00e1 sus datos personales con terceros, sin su consentimiento, excepto cuando, sea requerido por alguna autoridad jurisdiccional y\/o administrativa.<\/p>\n<p><strong><br><\/strong><\/p><p><strong>Ejercicio de los derechos de acceso, rectificaci\u00f3n, cancelaci\u00f3n y oposici\u00f3n.<\/strong><\/p>\n<p>Usted podr\u00e1 ejercer en todo momento sus derechos acceso, rectificaci\u00f3n, cancelaci\u00f3n y oposici\u00f3n a trav\u00e9s del procedimiento que se ha implementado. (Derechos ARCO)<\/p>\n<p>La solicitud correspondiente deber\u00e1 cumplir con los requisitos establecidos en la legislaci\u00f3n vigente, mediante escrito enviado al correo electr\u00f3nico: contacto@rdzabogados.com, estableciendo como Asunto de la comunicaci\u00f3n \u201cRevocaci\u00f3n del consentimiento\u201d.<\/p>\n<p>La solicitud deber\u00e1 contener y acompa\u00f1ar lo siguiente:<\/p>\n<ol>\n<li>Su nombre, domicilio y correo electr\u00f3nico para comunicarle la respuesta a su solicitud.<\/li>\n<li>Los documentos que acrediten su identidad o representaci\u00f3n legal.<\/li>\n<li>La descripci\u00f3n clara y precisa de los datos personales respecto de los que se busca ejercer alguno de los Derechos ARCO;<\/li>\n<li>Cualquier otro elemento o documento que facilite la localizaci\u00f3n de los datos personales.<\/li>\n<\/ol>\n<p>RDZ ABOGADOS S.C. le comunicara, en un plazo m\u00e1ximo de 10 d\u00edas h\u00e1biles, contados desde la fecha en que aqu\u00e9l reciba la solicitud correspondiente, la determinaci\u00f3n tomada. Si la solicitud resulta procedente, \u00e9sta se har\u00e1 efectiva dentro de los 10 d\u00edas h\u00e1biles siguientes a la fecha en que RDZ ABOGADOS S.C. comunique la respuesta. En caso de que la informaci\u00f3n proporcionada en su solicitud resulte err\u00f3nea o insuficiente, o no se acompa\u00f1en los documentos necesarios para acreditar su identidad o representaci\u00f3n legal correspondiente. RDZ ABOGADOS S.C. dentro de los 5 d\u00edas h\u00e1biles siguientes a la recepci\u00f3n de su solicitud, requerir\u00e1 que subsane las deficiencias para poder dar tramite a la misma. En estos casos, usted contar\u00e1 con 5 d\u00edas h\u00e1biles para atender el requerimiento efectuado, contados a partir del siguiente en que lo hubiere recibido. La solicitud correspondiente se tendr\u00e1 por no presentada si usted no responde dentro de dicho plazo.<\/p>\n<p>El uso de medios electr\u00f3nicos para el ejercicio de los derechos ARCO autoriza a RDZ ABOGADOS S.C. para dar respuesta a la solicitud correspondiente a trav\u00e9s del mismo medio.<\/p><p><br><\/p>\n<p><strong>Revocaci\u00f3n del consentimiento. <\/strong><\/p>\n<p>Usted podr\u00e1 revocar su consentimiento para el tratamiento de sus datos personales, sin efectos, en todos aquellos casos en que dicha revocaci\u00f3n no suponga la imposibilidad de cumplir obligaciones derivadas de una relaci\u00f3n jur\u00eddica vigente entre usted y RDZ ABOGADOS S.C.<\/p>\n<p>El procedimiento para la revocaci\u00f3n del consentimiento, en su caso, ser\u00e1 el mismo que el establecido en el apartado inmediato anterior para el ejercicio de los derechos ARCO.<\/p>\n<p><strong>Modificaciones al Aviso de Privacidad.<\/strong><\/p>\n<p>RDZ ABOGADOS S.C. podr\u00e1 modificar, actualizar, extender o de cualquier otra forma cambiar el contenido y alcance del presente aviso de privacidad. En tales casos, RDZ ABOGADOS S.C. publicar\u00e1 dichos cambios en el sitio web &nbsp;www.rdzabogados.com.<\/p>\t\t\t\t\t\t\t\t<\/div>\n\t\t\t\t<\/div>\n\t\t\t\t\t<\/div>\n\t\t<\/div>\n\t\t\t\t\t<\/div>\n\t\t<\/article>\n\t\t\t\t<\/div>\n\t\t","protected":false},"excerpt":{"rendered":"<p>Aviso de Privacidad Identidad y domicilio. RDZ ABOGADOS S.C., con domicilio en Lucerna 65, Interior 413, Colonia Ju\u00e1rez, Alcald\u00eda Cuauht\u00e9moc, C.P. 06600, Ciudad de M\u00e9xico, le informa que es Responsable del uso y protecci\u00f3n de sus datos personales; mismos que son tratados de forma estrictamente privada y confidencial, bajo los principios de calidad, consentimiento, licitud, [&hellip;]<\/p>\n","protected":false},"author":1,"featured_media":0,"parent":0,"menu_order":0,"comment_status":"closed","ping_status":"open","template":"elementor_header_footer","meta":{"footnotes":""},"class_list":["post-3","page","type-page","status-publish","hentry"],"yoast_head":"<!-- This site is optimized with the Yoast SEO plugin v26.5 - https:\/\/yoast.com\/wordpress\/plugins\/seo\/ -->\n<title>Aviso de Privacidad - RDZ Abogados<\/title>\n<meta name=\"robots\" content=\"index, follow, max-snippet:-1, max-image-preview:large, max-video-preview:-1\" \/>\n<link rel=\"canonical\" href=\"https:\/\/www.rdzabogados.com\/rdz\/aviso-de-privacidad\/\" \/>\n<meta property=\"og:locale\" content=\"es_MX\" \/>\n<meta property=\"og:type\" content=\"article\" \/>\n<meta property=\"og:title\" content=\"Aviso de Privacidad - RDZ Abogados\" \/>\n<meta property=\"og:description\" content=\"Aviso de Privacidad Identidad y domicilio. RDZ ABOGADOS S.C., con domicilio en Lucerna 65, Interior 413, Colonia Ju\u00e1rez, Alcald\u00eda Cuauht\u00e9moc, C.P. 06600, Ciudad de M\u00e9xico, le informa que es Responsable del uso y protecci\u00f3n de sus datos personales; mismos que son tratados de forma estrictamente privada y confidencial, bajo los principios de calidad, consentimiento, licitud, [&hellip;]\" \/>\n<meta property=\"og:url\" content=\"https:\/\/www.rdzabogados.com\/rdz\/aviso-de-privacidad\/\" \/>\n<meta property=\"og:site_name\" content=\"RDZ Abogados\" \/>\n<meta property=\"article:modified_time\" content=\"2021-01-11T22:55:37+00:00\" \/>\n<meta name=\"twitter:card\" content=\"summary_large_image\" \/>\n<meta name=\"twitter:label1\" content=\"Tiempo de lectura\" \/>\n\t<meta name=\"twitter:data1\" content=\"4 minutos\" \/>\n<script type=\"application\/ld+json\" class=\"yoast-schema-graph\">{\"@context\":\"https:\/\/schema.org\",\"@graph\":[{\"@type\":\"WebPage\",\"@id\":\"https:\/\/www.rdzabogados.com\/rdz\/aviso-de-privacidad\/\",\"url\":\"https:\/\/www.rdzabogados.com\/rdz\/aviso-de-privacidad\/\",\"name\":\"Aviso de Privacidad - RDZ Abogados\",\"isPartOf\":{\"@id\":\"https:\/\/www.rdzabogados.com\/rdz\/#website\"},\"datePublished\":\"2018-09-06T04:00:54+00:00\",\"dateModified\":\"2021-01-11T22:55:37+00:00\",\"breadcrumb\":{\"@id\":\"https:\/\/www.rdzabogados.com\/rdz\/aviso-de-privacidad\/#breadcrumb\"},\"inLanguage\":\"es\",\"potentialAction\":[{\"@type\":\"ReadAction\",\"target\":[\"https:\/\/www.rdzabogados.com\/rdz\/aviso-de-privacidad\/\"]}]},{\"@type\":\"BreadcrumbList\",\"@id\":\"https:\/\/www.rdzabogados.com\/rdz\/aviso-de-privacidad\/#breadcrumb\",\"itemListElement\":[{\"@type\":\"ListItem\",\"position\":1,\"name\":\"Inicio\",\"item\":\"https:\/\/www.rdzabogados.com\/rdz\/\"},{\"@type\":\"ListItem\",\"position\":2,\"name\":\"Aviso de Privacidad\"}]},{\"@type\":\"WebSite\",\"@id\":\"https:\/\/www.rdzabogados.com\/rdz\/#website\",\"url\":\"https:\/\/www.rdzabogados.com\/rdz\/\",\"name\":\"RDZ Abogados\",\"description\":\"\",\"publisher\":{\"@id\":\"https:\/\/www.rdzabogados.com\/rdz\/#organization\"},\"potentialAction\":[{\"@type\":\"SearchAction\",\"target\":{\"@type\":\"EntryPoint\",\"urlTemplate\":\"https:\/\/www.rdzabogados.com\/rdz\/?s={search_term_string}\"},\"query-input\":{\"@type\":\"PropertyValueSpecification\",\"valueRequired\":true,\"valueName\":\"search_term_string\"}}],\"inLanguage\":\"es\"},{\"@type\":\"Organization\",\"@id\":\"https:\/\/www.rdzabogados.com\/rdz\/#organization\",\"name\":\"RDZ Abogados\",\"url\":\"https:\/\/www.rdzabogados.com\/rdz\/\",\"logo\":{\"@type\":\"ImageObject\",\"inLanguage\":\"es\",\"@id\":\"https:\/\/www.rdzabogados.com\/rdz\/#\/schema\/logo\/image\/\",\"url\":\"https:\/\/www.rdzabogados.com\/rdz\/wp-content\/uploads\/2020\/11\/firma-1.png\",\"contentUrl\":\"https:\/\/www.rdzabogados.com\/rdz\/wp-content\/uploads\/2020\/11\/firma-1.png\",\"width\":410,\"height\":181,\"caption\":\"RDZ Abogados\"},\"image\":{\"@id\":\"https:\/\/www.rdzabogados.com\/rdz\/#\/schema\/logo\/image\/\"}}]}<\/script>\n<!-- \/ Yoast SEO plugin. -->","yoast_head_json":{"title":"Aviso de Privacidad - RDZ Abogados","robots":{"index":"index","follow":"follow","max-snippet":"max-snippet:-1","max-image-preview":"max-image-preview:large","max-video-preview":"max-video-preview:-1"},"canonical":"https:\/\/www.rdzabogados.com\/rdz\/aviso-de-privacidad\/","og_locale":"es_MX","og_type":"article","og_title":"Aviso de Privacidad - RDZ Abogados","og_description":"Aviso de Privacidad Identidad y domicilio. RDZ ABOGADOS S.C., con domicilio en Lucerna 65, Interior 413, Colonia Ju\u00e1rez, Alcald\u00eda Cuauht\u00e9moc, C.P. 06600, Ciudad de M\u00e9xico, le informa que es Responsable del uso y protecci\u00f3n de sus datos personales; mismos que son tratados de forma estrictamente privada y confidencial, bajo los principios de calidad, consentimiento, licitud, [&hellip;]","og_url":"https:\/\/www.rdzabogados.com\/rdz\/aviso-de-privacidad\/","og_site_name":"RDZ Abogados","article_modified_time":"2021-01-11T22:55:37+00:00","twitter_card":"summary_large_image","twitter_misc":{"Tiempo de lectura":"4 minutos"},"schema":{"@context":"https:\/\/schema.org","@graph":[{"@type":"WebPage","@id":"https:\/\/www.rdzabogados.com\/rdz\/aviso-de-privacidad\/","url":"https:\/\/www.rdzabogados.com\/rdz\/aviso-de-privacidad\/","name":"Aviso de Privacidad - RDZ Abogados","isPartOf":{"@id":"https:\/\/www.rdzabogados.com\/rdz\/#website"},"datePublished":"2018-09-06T04:00:54+00:00","dateModified":"2021-01-11T22:55:37+00:00","breadcrumb":{"@id":"https:\/\/www.rdzabogados.com\/rdz\/aviso-de-privacidad\/#breadcrumb"},"inLanguage":"es","potentialAction":[{"@type":"ReadAction","target":["https:\/\/www.rdzabogados.com\/rdz\/aviso-de-privacidad\/"]}]},{"@type":"BreadcrumbList","@id":"https:\/\/www.rdzabogados.com\/rdz\/aviso-de-privacidad\/#breadcrumb","itemListElement":[{"@type":"ListItem","position":1,"name":"Inicio","item":"https:\/\/www.rdzabogados.com\/rdz\/"},{"@type":"ListItem","position":2,"name":"Aviso de Privacidad"}]},{"@type":"WebSite","@id":"https:\/\/www.rdzabogados.com\/rdz\/#website","url":"https:\/\/www.rdzabogados.com\/rdz\/","name":"RDZ Abogados","description":"","publisher":{"@id":"https:\/\/www.rdzabogados.com\/rdz\/#organization"},"potentialAction":[{"@type":"SearchAction","target":{"@type":"EntryPoint","urlTemplate":"https:\/\/www.rdzabogados.com\/rdz\/?s={search_term_string}"},"query-input":{"@type":"PropertyValueSpecification","valueRequired":true,"valueName":"search_term_string"}}],"inLanguage":"es"},{"@type":"Organization","@id":"https:\/\/www.rdzabogados.com\/rdz\/#organization","name":"RDZ Abogados","url":"https:\/\/www.rdzabogados.com\/rdz\/","logo":{"@type":"ImageObject","inLanguage":"es","@id":"https:\/\/www.rdzabogados.com\/rdz\/#\/schema\/logo\/image\/","url":"https:\/\/www.rdzabogados.com\/rdz\/wp-content\/uploads\/2020\/11\/firma-1.png","contentUrl":"https:\/\/www.rdzabogados.com\/rdz\/wp-content\/uploads\/2020\/11\/firma-1.png","width":410,"height":181,"caption":"RDZ Abogados"},"image":{"@id":"https:\/\/www.rdzabogados.com\/rdz\/#\/schema\/logo\/image\/"}}]}},"_links":{"self":[{"href":"https:\/\/www.rdzabogados.com\/rdz\/wp-json\/wp\/v2\/pages\/3","targetHints":{"allow":["GET"]}}],"collection":[{"href":"https:\/\/www.rdzabogados.com\/rdz\/wp-json\/wp\/v2\/pages"}],"about":[{"href":"https:\/\/www.rdzabogados.com\/rdz\/wp-json\/wp\/v2\/types\/page"}],"author":[{"embeddable":true,"href":"https:\/\/www.rdzabogados.com\/rdz\/wp-json\/wp\/v2\/users\/1"}],"replies":[{"embeddable":true,"href":"https:\/\/www.rdzabogados.com\/rdz\/wp-json\/wp\/v2\/comments?post=3"}],"version-history":[{"count":9,"href":"https:\/\/www.rdzabogados.com\/rdz\/wp-json\/wp\/v2\/pages\/3\/revisions"}],"predecessor-version":[{"id":532,"href":"https:\/\/www.rdzabogados.com\/rdz\/wp-json\/wp\/v2\/pages\/3\/revisions\/532"}],"wp:attachment":[{"href":"https:\/\/www.rdzabogados.com\/rdz\/wp-json\/wp\/v2\/media?parent=3"}],"curies":[{"name":"wp","href":"https:\/\/api.w.org\/{rel}","templated":true}]}}